{"id":61,"date":"2026-02-26T10:45:10","date_gmt":"2026-02-26T10:45:10","guid":{"rendered":"https:\/\/springgreen-fish-310573.hostingersite.com\/?page_id=61"},"modified":"2026-02-26T10:45:10","modified_gmt":"2026-02-26T10:45:10","slug":"privacy-policy-2","status":"publish","type":"page","link":"https:\/\/impactstayhub.com\/de\/privacy-policy-2\/","title":{"rendered":"Datenschutz"},"content":{"rendered":"<p>Die Nutzung unserer Webseite ist in der Regel ohne Angabe personenbezogener Daten m\u00f6glich. Soweit auf unseren Seiten personenbezogene Daten (beispielsweise Name oder eMail-Adressen) erhoben werden, erfolgt dies, stets auf freiwilliger Basis. Diese Daten werden ohne Ihre ausdr\u00fcckliche Zustimmung nicht an Dritte weitergegeben.<\/p>\n\n\n\n<p>Wir weisen darauf hin, dass die Daten\u00fcbertragung im Internet (z.B. bei der Kommunikation per E-Mail) Sicherheitsl\u00fccken aufweisen kann. Ein l\u00fcckenloser Schutz der Daten vor dem Zugriff durch Dritte ist nicht m\u00f6glich.<\/p>\n\n\n\n<p>Der Nutzung von im Rahmen der Impressumspflicht ver\u00f6ffentlichten Kontaktdaten durch Dritte zur \u00dcbersendung von nicht ausdr\u00fccklich angeforderter Werbung und Informationsmaterialien wird hiermit ausdr\u00fccklich widersprochen.<\/p>\n\n\n\n<p>Die Betreiber der Seiten behalten sich ausdr\u00fccklich rechtliche Schritte im Falle der unverlangten Zusendung von Werbeinformationen, etwa durch Spam-Mails, vor.<\/p>\n\n\n\n<p>(Erstellt mit dem Impressum-Generator von WebsiteWissen.com, dem Ratgeber f\u00fcr Website-Erstellung, Homepage-Bauk\u00e4sten und Shopsysteme. Rechtstext von der Kanzlei Hasselbach.)<\/p>","protected":false},"excerpt":{"rendered":"<p>You can usually use our website without providing any personal info. If we ask for personal details (like your name, or email) on the site, it\u2019s always on a voluntary basis and we won\u2019t share this info with anyone else without your permission. We would like to point out that data transmission over the Internet [&hellip;]<\/p>\n","protected":false},"author":1,"featured_media":0,"parent":0,"menu_order":0,"comment_status":"closed","ping_status":"closed","template":"","meta":{"_themeisle_gutenberg_block_has_review":false,"footnotes":""},"class_list":["post-61","page","type-page","status-publish","hentry"],"_hostinger_reach_plugin_has_subscription_block":false,"_hostinger_reach_plugin_is_elementor":false,"_links":{"self":[{"href":"https:\/\/impactstayhub.com\/de\/wp-json\/wp\/v2\/pages\/61","targetHints":{"allow":["GET"]}}],"collection":[{"href":"https:\/\/impactstayhub.com\/de\/wp-json\/wp\/v2\/pages"}],"about":[{"href":"https:\/\/impactstayhub.com\/de\/wp-json\/wp\/v2\/types\/page"}],"author":[{"embeddable":true,"href":"https:\/\/impactstayhub.com\/de\/wp-json\/wp\/v2\/users\/1"}],"replies":[{"embeddable":true,"href":"https:\/\/impactstayhub.com\/de\/wp-json\/wp\/v2\/comments?post=61"}],"version-history":[{"count":1,"href":"https:\/\/impactstayhub.com\/de\/wp-json\/wp\/v2\/pages\/61\/revisions"}],"predecessor-version":[{"id":62,"href":"https:\/\/impactstayhub.com\/de\/wp-json\/wp\/v2\/pages\/61\/revisions\/62"}],"wp:attachment":[{"href":"https:\/\/impactstayhub.com\/de\/wp-json\/wp\/v2\/media?parent=61"}],"curies":[{"name":"wp","href":"https:\/\/api.w.org\/{rel}","templated":true}]}}