{"id":58,"date":"2026-02-26T10:43:03","date_gmt":"2026-02-26T10:43:03","guid":{"rendered":"https:\/\/springgreen-fish-310573.hostingersite.com\/?page_id=58"},"modified":"2026-03-09T09:57:50","modified_gmt":"2026-03-09T08:57:50","slug":"imprint","status":"publish","type":"page","link":"https:\/\/impactstayhub.com\/de\/imprint\/","title":{"rendered":"Impressum"},"content":{"rendered":"<p>Angaben gem\u00e4\u00df \u00a7 5 DDG<\/p>\n\n\n\n<p><strong>Impactstayhub<\/strong><br>Paul-Neumann-Str.97<br>14482 Potsdam, Deutschland<\/p>\n\n\n\n<p>Vertreten durch:<br>Zhu Xiao<\/p>\n\n\n\n<p>Kontakt:<\/p>\n\n\n\n<p>Telefonnummer: +49 1739504987<br>E-Mail: zhu.xiao@impactstayhub.com<\/p>\n\n\n\n<p><strong><em>Haftung f\u00fcr Inhalte<\/em><\/strong><\/p>\n\n\n\n<p>Die Inhalte unserer Seiten wurden mit gr\u00f6\u00dfter Sorgfalt erstellt. F\u00fcr die Richtigkeit, Vollst\u00e4ndigkeit und Aktualit\u00e4t der Inhalte k\u00f6nnen wir jedoch keine Gew\u00e4hr \u00fcbernehmen. Als Diensteanbieter sind wir gem\u00e4\u00df \u00a7 7 Abs.1 DDG f\u00fcr eigene Inhalte auf diesen Seiten nach den allgemeinen Gesetzen verantwortlich. Nach \u00a7\u00a7 8 bis 10 DDG sind wir als Diensteanbieter jedoch nicht verpflichtet, \u00fcbermittelte oder gespeicherte fremde Informationen zu \u00fcberwachen oder nach Umst\u00e4nden zu forschen, die auf eine rechtswidrige T\u00e4tigkeit hinweisen. Verpflichtungen zur Entfernung oder Sperrung der Nutzung von Informationen nach den allgemeinen Gesetzen bleiben hiervon unber\u00fchrt. Eine diesbez\u00fcgliche Haftung ist jedoch erst ab dem Zeitpunkt der Kenntnis einer konkreten Rechtsverletzung m\u00f6glich. Bei Bekanntwerden von entsprechenden Rechtsverletzungen werden wir diese Inhalte umgehend entfernen.<\/p>\n\n\n\n<p><strong><em>Haftung f\u00fcr Links<\/em><\/strong><\/p>\n\n\n\n<p>Unser Angebot enth\u00e4lt Links zu externen Webseiten Dritter, auf deren Inhalte und deren Datenschutzbestimmungen wir keinen Einfluss haben. Deshalb k\u00f6nnen wir f\u00fcr diese fremden Inhalte und Datenschutzbestimmungen auch keine Gew\u00e4hr \u00fcbernehmen. F\u00fcr die Inhalte und Datenschutzbestimmungen der verlinkten Seiten ist stets der jeweilige Anbieter oder Betreiber der Seiten verantwortlich. Die verlinkten Seiten wurden zum Zeitpunkt der Verlinkung auf m\u00f6gliche Rechtsverst\u00f6\u00dfe \u00fcberpr\u00fcft. Rechtswidrige Inhalte waren zum Zeitpunkt der Verlinkung nicht erkennbar. Eine permanente inhaltliche Kontrolle der verlinkten Seiten ist jedoch ohne konkrete Anhaltspunkte einer Rechtsverletzung nicht zumutbar. Bei Bekanntwerden von Rechtsverletzungen werden wir derartige Links umgehend entfernen.<\/p>\n\n\n\n<p><strong><em>Urheberrecht<\/em><\/strong><\/p>\n\n\n\n<p>Die durch die Seitenbetreiber erstellten Inhalte und Werke auf diesen Seiten unterliegen dem deutschen Urheberrecht. Die Vervielf\u00e4ltigung, Bearbeitung, Verbreitung und jede Art der Verwertung au\u00dferhalb der Grenzen des Urheberrechtes bed\u00fcrfen der schriftlichen Zustimmung des jeweiligen Autors bzw. Erstellers. Downloads und Kopien dieser Seite sind nur f\u00fcr den privaten, nicht kommerziellen Gebrauch gestattet. Soweit die Inhalte auf dieser Seite nicht vom Betreiber erstellt wurden, werden die Urheberrechte Dritter beachtet. Insbesondere werden Inhalte Dritter als solche gekennzeichnet. Sollten Sie trotzdem auf eine Urheberrechtsverletzung aufmerksam werden, bitten wir um einen entsprechenden Hinweis. Bei Bekanntwerden von Rechtsverletzungen werden wir derartige Inhalte umgehend entfernen.<\/p>\n\n\n\n<p><strong><em>Bildnachweise<\/em><\/strong><\/p>\n\n\n\n<p>Verwendete Bilder:<\/p>\n\n\n\n<p><em>Daria Nepriakhina auf Unsplash<\/em><\/p>\n\n\n\n<p>Bild im Bereich \u201eWorkshops zum Thema Nachhaltigkeitsmanagement\u201c auf der Seite \u201eDienstleistungen\u201c.<\/p>\n\n\n\n<p><em>Markus Spiske auf Unsplash<\/em><\/p>\n\n\n\n<p>Bild im Bereich \u201eNachhaltigkeitsbewertungen und Beratung\u201c auf der Seite \u201eDienstleistungen\u201c.<\/p>\n\n\n\n<p><em>Brands&amp;People auf Unsplash<\/em><\/p>\n\n\n\n<p>Bild im Bereich \u201eBegleitung bei Zertifizierungen\u201c auf der Seite \u201eDienstleistungen\u201c.<\/p>\n\n\n\n<p>(Erstellt mit dem Impressum-Generator von WebsiteWissen.com, dem Ratgeber f\u00fcr Website-Erstellung, Homepage-Bauk\u00e4sten und Shopsysteme. Rechtstext von der Kanzlei Hasselbach.)<\/p>","protected":false},"excerpt":{"rendered":"<p>Information pursuant to \u00a7 5 DDG ImpactstayhubPaul-Neumann-Str.9714482 Potsdam, Germany Represented by:Zhu Xiao Contact: Telephone number: +49 1739504987Email: zhu.xiao@impactstayhub.com Liability for content The content of our pages has been compiled with the utmost care. However, we cannot guarantee that the content is accurate, complete or up to date. As a service provider, we are responsible for [&hellip;]<\/p>\n","protected":false},"author":1,"featured_media":0,"parent":0,"menu_order":0,"comment_status":"closed","ping_status":"closed","template":"","meta":{"_themeisle_gutenberg_block_has_review":false,"footnotes":""},"class_list":["post-58","page","type-page","status-publish","hentry"],"_hostinger_reach_plugin_has_subscription_block":false,"_hostinger_reach_plugin_is_elementor":false,"_links":{"self":[{"href":"https:\/\/impactstayhub.com\/de\/wp-json\/wp\/v2\/pages\/58","targetHints":{"allow":["GET"]}}],"collection":[{"href":"https:\/\/impactstayhub.com\/de\/wp-json\/wp\/v2\/pages"}],"about":[{"href":"https:\/\/impactstayhub.com\/de\/wp-json\/wp\/v2\/types\/page"}],"author":[{"embeddable":true,"href":"https:\/\/impactstayhub.com\/de\/wp-json\/wp\/v2\/users\/1"}],"replies":[{"embeddable":true,"href":"https:\/\/impactstayhub.com\/de\/wp-json\/wp\/v2\/comments?post=58"}],"version-history":[{"count":2,"href":"https:\/\/impactstayhub.com\/de\/wp-json\/wp\/v2\/pages\/58\/revisions"}],"predecessor-version":[{"id":112,"href":"https:\/\/impactstayhub.com\/de\/wp-json\/wp\/v2\/pages\/58\/revisions\/112"}],"wp:attachment":[{"href":"https:\/\/impactstayhub.com\/de\/wp-json\/wp\/v2\/media?parent=58"}],"curies":[{"name":"wp","href":"https:\/\/api.w.org\/{rel}","templated":true}]}}