{"id":30,"date":"2026-02-10T15:34:19","date_gmt":"2026-02-10T15:34:19","guid":{"rendered":"https:\/\/springgreen-fish-310573.hostingersite.com\/?page_id=30"},"modified":"2026-02-26T10:04:09","modified_gmt":"2026-02-26T10:04:09","slug":"about-me","status":"publish","type":"page","link":"https:\/\/impactstayhub.com\/de\/about-me\/","title":{"rendered":"\u00dcber mich"},"content":{"rendered":"<p><strong>Hallo, ich bin Zhu Xiao \u2013 Gr\u00fcnderin von Impactstayhub und \u00fcberzeugter Anh\u00e4nger nachhaltiger Gesch\u00e4ftsmodelle, die Menschen, Umwelt und Wirtschaft gleicherma\u00dfen ber\u00fccksichtigen.<\/strong><\/p>\n\n\n\n<p>Ich begann meine Karriere im IT-Prozess- und Projektmanagement, aber Umweltprobleme lagen mir schon immer sehr am Herzen. W\u00e4hrend meiner T\u00e4tigkeit in der IT-Branche nahm ich an mehreren von NGOs organisierten Umweltaktivit\u00e4ten teil, die mich dazu inspirierten, dar\u00fcber nachzudenken, wie ich meine Erfahrungen und F\u00e4higkeiten nutzen k\u00f6nnte, um einen positiven Beitrag zum Umweltschutz zu leisten. Nach viereinhalb Jahren in der IT-Branche traf ich die mutige Entscheidung, meiner Leidenschaft zu folgen. Das f\u00fchrte mich zu einer kleinen, aber sehr vision\u00e4ren Restaurantkette in Peking, wo ich als Umweltmanagerin zu ihrem zukunftsorientierten Ziel beitrug, ein nachhaltiges Unternehmen aufzubauen.<\/p>\n\n\n\n<p>Nach zwei inspirierenden Jahren im Umweltmanagement der Restaurantkette kam ich nach Deutschland und absolvierte einen Master-Studiengang in Nachhaltigem Ressourcenmanagement an der Technischen Universit\u00e4t M\u00fcnchen. Seit 2023 arbeite ich im Nachhaltigkeitsmanagement f\u00fcr die Hotellerie und setze meine Nachhaltigkeitsreise im Gastgewerbe fort.<\/p>\n\n\n\n<p>Mit \u00fcber vier Jahren praktischer Erfahrung im Bereich nachhaltige Gastgewerbe habe ich Hotels und Restaurants dabei geholfen, ihre Nachhaltigkeitsziele in die t\u00e4gliche Praxis umzusetzen. Von umweltfreundlicheren Betriebsabl\u00e4ufen und Zertifizierungsprozessen bis hin zu Diversit\u00e4ts- und Inklusionsprogrammen und gesellschaftlichem Engagement \u2013 ich habe aus erster Hand gesehen, wie Nachhaltigkeitsmanagement Unternehmen zum Besseren ver\u00e4ndern kann.<\/p>\n\n\n\n<p>Mein Ziel ist es, das Nachhaltigkeitsmanagement inklusiver, innovativer und transformativer zu gestalten \u2013 f\u00fcr jedes Unternehmen im Gastgewerbe, unabh\u00e4ngig davon, wo Sie gerade stehen.<\/p>\n\n\n\n<p>Gr\u00fc\u00dfe aus Potsdam, Deutschland.<\/p>\n\n\n\n<p class=\"has-raft-accent-color has-text-color has-link-color wp-elements-9c72ee4bf28c4337bf8978776a50ad4d\">Mehr \u00fcber mich auf Linkedin. \ud83d\ude42<\/p>\n\n\n\n<ul class=\"wp-block-social-links is-layout-flex wp-block-social-links-is-layout-flex\"><li class=\"wp-social-link wp-social-link-linkedin  wp-block-social-link\"><a href=\"https:\/\/www.linkedin.com\/in\/zhu-xiao-a518366\/\" class=\"wp-block-social-link-anchor\"><svg width=\"24\" height=\"24\" viewbox=\"0 0 24 24\" version=\"1.1\" xmlns=\"http:\/\/www.w3.org\/2000\/svg\" aria-hidden=\"true\" focusable=\"false\"><path d=\"M19.7,3H4.3C3.582,3,3,3.582,3,4.3v15.4C3,20.418,3.582,21,4.3,21h15.4c0.718,0,1.3-0.582,1.3-1.3V4.3 C21,3.582,20.418,3,19.7,3z M8.339,18.338H5.667v-8.59h2.672V18.338z M7.004,8.574c-0.857,0-1.549-0.694-1.549-1.548 c0-0.855,0.691-1.548,1.549-1.548c0.854,0,1.547,0.694,1.547,1.548C8.551,7.881,7.858,8.574,7.004,8.574z M18.339,18.338h-2.669 v-4.177c0-0.996-0.017-2.278-1.387-2.278c-1.389,0-1.601,1.086-1.601,2.206v4.249h-2.667v-8.59h2.559v1.174h0.037 c0.356-0.675,1.227-1.387,2.526-1.387c2.703,0,3.203,1.779,3.203,4.092V18.338z\"><\/path><\/svg><span class=\"wp-block-social-link-label screen-reader-text\">LinkedIn<\/span><\/a><\/li><\/ul>\n\n\n\n<p><\/p>","protected":false},"excerpt":{"rendered":"<p>Hi, I\u2019m Zhu Xiao \u2014 founder of Impactstayhub and a firm believer in the power of sustainable business models that care for the people, planet and profit alike. I began my career in IT process and project management, but I had always cared deeply about environmental issues. While working in IT, I participated in several [&hellip;]<\/p>\n","protected":false},"author":1,"featured_media":0,"parent":0,"menu_order":0,"comment_status":"closed","ping_status":"closed","template":"","meta":{"_themeisle_gutenberg_block_has_review":false,"footnotes":""},"class_list":["post-30","page","type-page","status-publish","hentry"],"_hostinger_reach_plugin_has_subscription_block":false,"_hostinger_reach_plugin_is_elementor":false,"_links":{"self":[{"href":"https:\/\/impactstayhub.com\/de\/wp-json\/wp\/v2\/pages\/30","targetHints":{"allow":["GET"]}}],"collection":[{"href":"https:\/\/impactstayhub.com\/de\/wp-json\/wp\/v2\/pages"}],"about":[{"href":"https:\/\/impactstayhub.com\/de\/wp-json\/wp\/v2\/types\/page"}],"author":[{"embeddable":true,"href":"https:\/\/impactstayhub.com\/de\/wp-json\/wp\/v2\/users\/1"}],"replies":[{"embeddable":true,"href":"https:\/\/impactstayhub.com\/de\/wp-json\/wp\/v2\/comments?post=30"}],"version-history":[{"count":4,"href":"https:\/\/impactstayhub.com\/de\/wp-json\/wp\/v2\/pages\/30\/revisions"}],"predecessor-version":[{"id":38,"href":"https:\/\/impactstayhub.com\/de\/wp-json\/wp\/v2\/pages\/30\/revisions\/38"}],"wp:attachment":[{"href":"https:\/\/impactstayhub.com\/de\/wp-json\/wp\/v2\/media?parent=30"}],"curies":[{"name":"wp","href":"https:\/\/api.w.org\/{rel}","templated":true}]}}