{"id":11,"date":"2026-01-26T10:16:25","date_gmt":"2026-01-26T10:16:25","guid":{"rendered":"https:\/\/springgreen-fish-310573.hostingersite.com\/services-page\/"},"modified":"2026-03-02T09:54:55","modified_gmt":"2026-03-02T09:54:55","slug":"services-page","status":"publish","type":"page","link":"https:\/\/impactstayhub.com\/de\/services-page\/","title":{"rendered":"Dienstleistungen"},"content":{"rendered":"<div class=\"wp-block-group alignfull has-raft-bg-alt-background-color has-background is-layout-constrained wp-container-core-group-is-layout-ca21e7af wp-block-group-is-layout-constrained\" style=\"margin-top:0;margin-bottom:0;padding-top:var(--wp--preset--spacing--80);padding-right:var(--wp--preset--spacing--40);padding-bottom:var(--wp--preset--spacing--80);padding-left:var(--wp--preset--spacing--40)\">\n<h1 class=\"wp-block-heading alignwide has-text-align-center\">Dienstleistungen<\/h1>\n<\/div>\n\n\n\n<div class=\"wp-block-group alignfull is-layout-flow wp-container-core-group-is-layout-10d01144 wp-block-group-is-layout-flow\" style=\"margin-top:0px;margin-bottom:0px;padding-top:0px;padding-right:0px;padding-bottom:0px;padding-left:0px\">\n<div class=\"wp-block-columns are-vertically-aligned-center is-layout-flex wp-container-core-columns-is-layout-d2ca7aa4 wp-block-columns-is-layout-flex\">\n<div class=\"wp-block-column is-vertically-aligned-center is-layout-flow wp-block-column-is-layout-flow\" style=\"padding-top:32px;padding-right:32px;padding-bottom:32px;padding-left:32px\">\n<div class=\"wp-block-group is-layout-constrained wp-container-core-group-is-layout-6d6486c8 wp-block-group-is-layout-constrained\">\n<h2 class=\"wp-block-heading\"><strong>Workshops zum Thema Nachhaltigkeitsmanagement<\/strong><\/h2>\n\n\n\n<p><em>Bef\u00e4higen Sie Ihr Team, Nachhaltigkeit aus eigener Initiative voranzutreiben.<\/em>.<\/p>\n\n\n\n<p><strong>Meine Angebote:<\/strong>&nbsp;Interaktiver, praxisorientierter Online- oder Vor-Ort-Workshop speziell f\u00fcr die Gastgewerbebranche \u2013 damit Ihr Team zu Nachhaltigkeits-Champions wird.<\/p>\n\n\n\n<ul class=\"wp-block-list\">\n<li><strong>Workshop zum Nachhaltigkeitsmanagement<\/strong>\n<ul class=\"wp-block-list\">\n<li>Die Begr\u00fcndung des Gesch\u00e4ftsvorhabens: Warum Nachhaltigkeit wichtig ist.<\/li>\n\n\n\n<li>Grundlegende Nachhaltigkeitsprinzipien f\u00fcr das Gastgewerbe.<\/li>\n<\/ul>\n<\/li>\n\n\n\n<li><strong>Modulthemen Workshops<\/strong>\n<ul class=\"wp-block-list\">\n<li>Abfallmanagement<\/li>\n\n\n\n<li>Reduzierung von Lebensmittelabf\u00e4llen<\/li>\n\n\n\n<li>Wassereffizienz<\/li>\n\n\n\n<li>Energieeffizienz<\/li>\n\n\n\n<li>Handt\u00fccher &amp; Bettw\u00e4sche-Programme<\/li>\n\n\n\n<li>\u00d6kologisches Chemikalienmanagement<\/li>\n\n\n\n<li>Nachhaltiger Verkehr<\/li>\n\n\n\n<li>Vielfalt und Inklusion<\/li>\n\n\n\n<li>Engagement in der lokalen Gemeinschaft<\/li>\n<\/ul>\n<\/li>\n<\/ul>\n<\/div>\n<\/div>\n\n\n\n<div class=\"wp-block-column is-vertically-aligned-center has-raft-bg-alt-background-color has-background is-layout-flow wp-block-column-is-layout-flow\" style=\"padding-top:32px;padding-right:32px;padding-bottom:32px;padding-left:32px\">\n<figure class=\"wp-block-image aligncenter size-full\"><img loading=\"lazy\" decoding=\"async\" width=\"2560\" height=\"1707\" src=\"https:\/\/impactstayhub.com\/wp-content\/uploads\/2026\/02\/daria-nepriakhina-zoCDWPuiRuA-unsplash-scaled.jpg\" alt=\"\" class=\"wp-image-49\" srcset=\"https:\/\/impactstayhub.com\/wp-content\/uploads\/2026\/02\/daria-nepriakhina-zoCDWPuiRuA-unsplash-scaled.jpg 2560w, https:\/\/impactstayhub.com\/wp-content\/uploads\/2026\/02\/daria-nepriakhina-zoCDWPuiRuA-unsplash-300x200.jpg 300w, https:\/\/impactstayhub.com\/wp-content\/uploads\/2026\/02\/daria-nepriakhina-zoCDWPuiRuA-unsplash-1024x683.jpg 1024w, https:\/\/impactstayhub.com\/wp-content\/uploads\/2026\/02\/daria-nepriakhina-zoCDWPuiRuA-unsplash-768x512.jpg 768w, https:\/\/impactstayhub.com\/wp-content\/uploads\/2026\/02\/daria-nepriakhina-zoCDWPuiRuA-unsplash-1536x1024.jpg 1536w, https:\/\/impactstayhub.com\/wp-content\/uploads\/2026\/02\/daria-nepriakhina-zoCDWPuiRuA-unsplash-2048x1365.jpg 2048w\" sizes=\"auto, (max-width: 2560px) 100vw, 2560px\" \/><\/figure>\n<\/div>\n<\/div>\n\n\n\n<div class=\"wp-block-columns are-vertically-aligned-center is-layout-flex wp-container-core-columns-is-layout-d2ca7aa4 wp-block-columns-is-layout-flex\">\n<div class=\"wp-block-column is-vertically-aligned-center has-raft-bg-alt-background-color has-background is-layout-flow wp-block-column-is-layout-flow\" style=\"padding-top:32px;padding-right:32px;padding-bottom:32px;padding-left:32px\">\n<figure class=\"wp-block-image aligncenter size-full\"><img loading=\"lazy\" decoding=\"async\" width=\"2560\" height=\"1706\" src=\"https:\/\/impactstayhub.com\/wp-content\/uploads\/2026\/02\/markus-spiske-5sCMm4wi0Sg-unsplash-scaled.jpg\" alt=\"\" class=\"wp-image-51\" srcset=\"https:\/\/impactstayhub.com\/wp-content\/uploads\/2026\/02\/markus-spiske-5sCMm4wi0Sg-unsplash-scaled.jpg 2560w, https:\/\/impactstayhub.com\/wp-content\/uploads\/2026\/02\/markus-spiske-5sCMm4wi0Sg-unsplash-300x200.jpg 300w, https:\/\/impactstayhub.com\/wp-content\/uploads\/2026\/02\/markus-spiske-5sCMm4wi0Sg-unsplash-1024x683.jpg 1024w, https:\/\/impactstayhub.com\/wp-content\/uploads\/2026\/02\/markus-spiske-5sCMm4wi0Sg-unsplash-768x512.jpg 768w, https:\/\/impactstayhub.com\/wp-content\/uploads\/2026\/02\/markus-spiske-5sCMm4wi0Sg-unsplash-1536x1024.jpg 1536w, https:\/\/impactstayhub.com\/wp-content\/uploads\/2026\/02\/markus-spiske-5sCMm4wi0Sg-unsplash-2048x1365.jpg 2048w\" sizes=\"auto, (max-width: 2560px) 100vw, 2560px\" \/><\/figure>\n<\/div>\n\n\n\n<div class=\"wp-block-column is-vertically-aligned-center is-layout-flow wp-block-column-is-layout-flow\" style=\"padding-top:32px;padding-right:32px;padding-bottom:32px;padding-left:32px\">\n<div class=\"wp-block-group is-layout-constrained wp-container-core-group-is-layout-6d6486c8 wp-block-group-is-layout-constrained\">\n<h2 class=\"wp-block-heading\"><strong>Nachhaltigkeitsbewertungen und Beratung<\/strong><\/h2>\n\n\n\n<p><em>Klare, ma\u00dfgeschneiderte Nachhaltigkeits-Roadmaps f\u00fcr Hotels und Restaurants.<\/em>.<\/p>\n\n\n\n<p><strong>Meine Angebote:<\/strong>&nbsp;Gr\u00fcndliche Bewertung Ihrer aktuellen Nachhaltigkeitspraktiken, Vergleich mit Branchenstandards und gemeinsame Entwicklung einer umsetzbaren Strategie zur Verbesserung.<\/p>\n\n\n\n<ul class=\"wp-block-list\">\n<li>Individuelle Beratung, ab 1 Stunde.<\/li>\n\n\n\n<li>Fern- oder Vor-Ort-Bewertung.<\/li>\n\n\n\n<li>Bewertungsbericht mit Empfehlungen zu bew\u00e4hrten Verfahren.<\/li>\n\n\n\n<li>Workshops zur Strategieentwicklung mit dem Managementteam.<\/li>\n\n\n\n<li>Aktionsplan zur Nachhaltigkeit.<\/li>\n\n\n\n<li>Langfristige Unterst\u00fctzung durch regelm\u00e4\u00dfige Sprechstunden.<\/li>\n<\/ul>\n<\/div>\n<\/div>\n<\/div>\n\n\n\n<div class=\"wp-block-columns are-vertically-aligned-center is-layout-flex wp-container-core-columns-is-layout-d2ca7aa4 wp-block-columns-is-layout-flex\">\n<div class=\"wp-block-column is-vertically-aligned-center is-layout-flow wp-block-column-is-layout-flow\" style=\"padding-top:32px;padding-right:32px;padding-bottom:32px;padding-left:32px\">\n<div class=\"wp-block-group is-layout-constrained wp-container-core-group-is-layout-6d6486c8 wp-block-group-is-layout-constrained\">\n<h2 class=\"wp-block-heading\"><strong>Begleitung bei Zertifizierungen (z. B. Green Key)<\/strong><\/h2>\n\n\n\n<p><em>Lassen Sie sich zertifizieren. Erlangen Sie Anerkennung. Motivieren Sie sich und erreichen Sie mehr.<\/em><\/p>\n\n\n\n<p><strong>Meine Angebote:<\/strong><\/p>\n\n\n\n<ul class=\"wp-block-list\">\n<li>Erl\u00e4uterung der Kriterien und Bewertung<\/li>\n\n\n\n<li>Vorabbewertungen und L\u00fcckenanalyse<\/li>\n\n\n\n<li>Praktische Empfehlungen f\u00fcr Verbesserungen<\/li>\n\n\n\n<li>Pr\u00fcfung der Audit-Dokumente<\/li>\n<\/ul>\n<\/div>\n<\/div>\n\n\n\n<div class=\"wp-block-column is-vertically-aligned-center has-raft-bg-alt-background-color has-background is-layout-flow wp-block-column-is-layout-flow\" style=\"padding-top:32px;padding-right:32px;padding-bottom:32px;padding-left:32px\">\n<figure class=\"wp-block-image aligncenter size-full\"><img loading=\"lazy\" decoding=\"async\" width=\"2560\" height=\"1617\" src=\"https:\/\/impactstayhub.com\/wp-content\/uploads\/2026\/02\/brands-people-ZdqSuxl3Lak-unsplash-scaled.jpg\" alt=\"\" class=\"wp-image-52\" srcset=\"https:\/\/impactstayhub.com\/wp-content\/uploads\/2026\/02\/brands-people-ZdqSuxl3Lak-unsplash-scaled.jpg 2560w, https:\/\/impactstayhub.com\/wp-content\/uploads\/2026\/02\/brands-people-ZdqSuxl3Lak-unsplash-300x190.jpg 300w, https:\/\/impactstayhub.com\/wp-content\/uploads\/2026\/02\/brands-people-ZdqSuxl3Lak-unsplash-1024x647.jpg 1024w, https:\/\/impactstayhub.com\/wp-content\/uploads\/2026\/02\/brands-people-ZdqSuxl3Lak-unsplash-768x485.jpg 768w, https:\/\/impactstayhub.com\/wp-content\/uploads\/2026\/02\/brands-people-ZdqSuxl3Lak-unsplash-1536x970.jpg 1536w, https:\/\/impactstayhub.com\/wp-content\/uploads\/2026\/02\/brands-people-ZdqSuxl3Lak-unsplash-2048x1294.jpg 2048w\" sizes=\"auto, (max-width: 2560px) 100vw, 2560px\" \/><\/figure>\n<\/div>\n<\/div>\n\n\n\n<div style=\"height:61px\" aria-hidden=\"true\" class=\"wp-block-spacer\"><\/div>\n\n\n\n<p><em>\u201cInteressiert? Vereinbaren Sie einfach ein kostenloses 30-min\u00fctiges Erstgespr\u00e4ch mit mir. :)\u201d<\/em><\/p>\n\n\n\n<div class=\"wp-block-buttons is-layout-flex wp-block-buttons-is-layout-flex\">\n<div class=\"wp-block-button\"><a class=\"wp-block-button__link wp-element-button\" href=\"https:\/\/impactstayhub.com\/de\/contact-us\">Kontakt<\/a><\/div>\n<\/div>\n<\/div>\n\n\n\n<p><\/p>","protected":false},"excerpt":{"rendered":"<p>Services Sustainability Management Workshops Empower Your Team to Drive Sustainability From Within. What to offer:&nbsp;Interactive, practical online or on site workshop tailored to the hospitality industry\u2014designed to turn your team into sustainability champions. Sustainability Assessments &amp; Consulting Clear, Customized Sustainability Roadmaps for Hotels and Restaurants. What to offer:&nbsp;In-depth assessments of your current sustainability practices, benchmark [&hellip;]<\/p>\n","protected":false},"author":1,"featured_media":0,"parent":0,"menu_order":0,"comment_status":"closed","ping_status":"closed","template":"template-plain","meta":{"_themeisle_gutenberg_block_has_review":false,"footnotes":""},"class_list":["post-11","page","type-page","status-publish","hentry"],"_hostinger_reach_plugin_has_subscription_block":false,"_hostinger_reach_plugin_is_elementor":false,"_links":{"self":[{"href":"https:\/\/impactstayhub.com\/de\/wp-json\/wp\/v2\/pages\/11","targetHints":{"allow":["GET"]}}],"collection":[{"href":"https:\/\/impactstayhub.com\/de\/wp-json\/wp\/v2\/pages"}],"about":[{"href":"https:\/\/impactstayhub.com\/de\/wp-json\/wp\/v2\/types\/page"}],"author":[{"embeddable":true,"href":"https:\/\/impactstayhub.com\/de\/wp-json\/wp\/v2\/users\/1"}],"replies":[{"embeddable":true,"href":"https:\/\/impactstayhub.com\/de\/wp-json\/wp\/v2\/comments?post=11"}],"version-history":[{"count":8,"href":"https:\/\/impactstayhub.com\/de\/wp-json\/wp\/v2\/pages\/11\/revisions"}],"predecessor-version":[{"id":111,"href":"https:\/\/impactstayhub.com\/de\/wp-json\/wp\/v2\/pages\/11\/revisions\/111"}],"wp:attachment":[{"href":"https:\/\/impactstayhub.com\/de\/wp-json\/wp\/v2\/media?parent=11"}],"curies":[{"name":"wp","href":"https:\/\/api.w.org\/{rel}","templated":true}]}}